{"id":6070,"date":"2024-10-02T08:42:55","date_gmt":"2024-10-02T08:42:55","guid":{"rendered":"https:\/\/shopchothue.com\/?post_type=product&#038;p=6070"},"modified":"2026-01-15T10:43:34","modified_gmt":"2026-01-15T10:43:34","slug":"ao-dai-nu-tay-se-1111","status":"publish","type":"product","link":"https:\/\/shopchothue.com\/?product=ao-dai-nu-tay-se-1111","title":{"rendered":"\u00c1o D\u00e0i C\u00e1ch T\u00e2n  N\u1eef 138"},"content":{"rendered":"<p><img loading=\"lazy\" class=\"alignnone size-medium wp-image-6071\" src=\"http:\/\/shopchothue.com\/wp-content\/uploads\/2024\/10\/10-A-360x400.jpg\" alt=\"\" width=\"360\" height=\"400\" srcset=\"https:\/\/shopchothue.com\/wp-content\/uploads\/2024\/10\/10-A-360x400.jpg 360w, https:\/\/shopchothue.com\/wp-content\/uploads\/2024\/10\/10-A-510x566.jpg 510w, https:\/\/shopchothue.com\/wp-content\/uploads\/2024\/10\/10-A.jpg 526w\" sizes=\"(max-width: 360px) 100vw, 360px\" \/><\/p>\n","protected":false},"excerpt":{"rendered":"","protected":false},"featured_media":6071,"template":"","meta":[],"product_cat":[61],"product_tag":[],"_links":{"self":[{"href":"https:\/\/shopchothue.com\/index.php?rest_route=\/wp\/v2\/product\/6070"}],"collection":[{"href":"https:\/\/shopchothue.com\/index.php?rest_route=\/wp\/v2\/product"}],"about":[{"href":"https:\/\/shopchothue.com\/index.php?rest_route=\/wp\/v2\/types\/product"}],"wp:featuredmedia":[{"embeddable":true,"href":"https:\/\/shopchothue.com\/index.php?rest_route=\/wp\/v2\/media\/6071"}],"wp:attachment":[{"href":"https:\/\/shopchothue.com\/index.php?rest_route=%2Fwp%2Fv2%2Fmedia&parent=6070"}],"wp:term":[{"taxonomy":"product_cat","embeddable":true,"href":"https:\/\/shopchothue.com\/index.php?rest_route=%2Fwp%2Fv2%2Fproduct_cat&post=6070"},{"taxonomy":"product_tag","embeddable":true,"href":"https:\/\/shopchothue.com\/index.php?rest_route=%2Fwp%2Fv2%2Fproduct_tag&post=6070"}],"curies":[{"name":"wp","href":"https:\/\/api.w.org\/{rel}","templated":true}]}}