{"id":6277,"date":"2025-03-20T09:49:40","date_gmt":"2025-03-20T09:49:40","guid":{"rendered":"https:\/\/shopchothue.com\/?post_type=product&#038;p=6277"},"modified":"2025-03-20T09:49:40","modified_gmt":"2025-03-20T09:49:40","slug":"ao-dai-sen-vang-tay-se-02","status":"publish","type":"product","link":"https:\/\/shopchothue.com\/?product=ao-dai-sen-vang-tay-se-02","title":{"rendered":"\u00c1o D\u00e0i Sen V\u00e0ng Tay S\u1ebb 02"},"content":{"rendered":"<p><img loading=\"lazy\" class=\"alignnone size-medium wp-image-6278\" src=\"http:\/\/shopchothue.com\/wp-content\/uploads\/2025\/03\/7A-XS-S-3M-L-XL-393x400.jpg\" alt=\"\" width=\"393\" height=\"400\" srcset=\"https:\/\/shopchothue.com\/wp-content\/uploads\/2025\/03\/7A-XS-S-3M-L-XL-393x400.jpg 393w, https:\/\/shopchothue.com\/wp-content\/uploads\/2025\/03\/7A-XS-S-3M-L-XL-785x800.jpg 785w, https:\/\/shopchothue.com\/wp-content\/uploads\/2025\/03\/7A-XS-S-3M-L-XL-768x783.jpg 768w, https:\/\/shopchothue.com\/wp-content\/uploads\/2025\/03\/7A-XS-S-3M-L-XL-510x520.jpg 510w, https:\/\/shopchothue.com\/wp-content\/uploads\/2025\/03\/7A-XS-S-3M-L-XL.jpg 1318w\" sizes=\"(max-width: 393px) 100vw, 393px\" \/><\/p>\n","protected":false},"excerpt":{"rendered":"","protected":false},"featured_media":6278,"template":"","meta":[],"product_cat":[60,61],"product_tag":[],"_links":{"self":[{"href":"https:\/\/shopchothue.com\/index.php?rest_route=\/wp\/v2\/product\/6277"}],"collection":[{"href":"https:\/\/shopchothue.com\/index.php?rest_route=\/wp\/v2\/product"}],"about":[{"href":"https:\/\/shopchothue.com\/index.php?rest_route=\/wp\/v2\/types\/product"}],"wp:featuredmedia":[{"embeddable":true,"href":"https:\/\/shopchothue.com\/index.php?rest_route=\/wp\/v2\/media\/6278"}],"wp:attachment":[{"href":"https:\/\/shopchothue.com\/index.php?rest_route=%2Fwp%2Fv2%2Fmedia&parent=6277"}],"wp:term":[{"taxonomy":"product_cat","embeddable":true,"href":"https:\/\/shopchothue.com\/index.php?rest_route=%2Fwp%2Fv2%2Fproduct_cat&post=6277"},{"taxonomy":"product_tag","embeddable":true,"href":"https:\/\/shopchothue.com\/index.php?rest_route=%2Fwp%2Fv2%2Fproduct_tag&post=6277"}],"curies":[{"name":"wp","href":"https:\/\/api.w.org\/{rel}","templated":true}]}}