{"id":6306,"date":"2025-04-18T09:01:25","date_gmt":"2025-04-18T09:01:25","guid":{"rendered":"https:\/\/shopchothue.com\/?post_type=product&#038;p=6306"},"modified":"2025-04-18T09:01:25","modified_gmt":"2025-04-18T09:01:25","slug":"ao-dai-cach-tan-nam-114","status":"publish","type":"product","link":"https:\/\/shopchothue.com\/?product=ao-dai-cach-tan-nam-114","title":{"rendered":"\u00c1o D\u00e0i C\u00e1ch T\u00e2n Nam 114"},"content":{"rendered":"<p><img loading=\"lazy\" class=\"alignnone size-medium wp-image-6307\" src=\"http:\/\/shopchothue.com\/wp-content\/uploads\/2025\/04\/12A-S-M-L-XL-452x400.jpg\" alt=\"\" width=\"452\" height=\"400\" srcset=\"https:\/\/shopchothue.com\/wp-content\/uploads\/2025\/04\/12A-S-M-L-XL-452x400.jpg 452w, https:\/\/shopchothue.com\/wp-content\/uploads\/2025\/04\/12A-S-M-L-XL.jpg 483w\" sizes=\"(max-width: 452px) 100vw, 452px\" \/><\/p>\n","protected":false},"excerpt":{"rendered":"","protected":false},"featured_media":6307,"template":"","meta":[],"product_cat":[60,62],"product_tag":[],"_links":{"self":[{"href":"https:\/\/shopchothue.com\/index.php?rest_route=\/wp\/v2\/product\/6306"}],"collection":[{"href":"https:\/\/shopchothue.com\/index.php?rest_route=\/wp\/v2\/product"}],"about":[{"href":"https:\/\/shopchothue.com\/index.php?rest_route=\/wp\/v2\/types\/product"}],"wp:featuredmedia":[{"embeddable":true,"href":"https:\/\/shopchothue.com\/index.php?rest_route=\/wp\/v2\/media\/6307"}],"wp:attachment":[{"href":"https:\/\/shopchothue.com\/index.php?rest_route=%2Fwp%2Fv2%2Fmedia&parent=6306"}],"wp:term":[{"taxonomy":"product_cat","embeddable":true,"href":"https:\/\/shopchothue.com\/index.php?rest_route=%2Fwp%2Fv2%2Fproduct_cat&post=6306"},{"taxonomy":"product_tag","embeddable":true,"href":"https:\/\/shopchothue.com\/index.php?rest_route=%2Fwp%2Fv2%2Fproduct_tag&post=6306"}],"curies":[{"name":"wp","href":"https:\/\/api.w.org\/{rel}","templated":true}]}}