{"id":6640,"date":"2026-03-05T11:07:01","date_gmt":"2026-03-05T11:07:01","guid":{"rendered":"https:\/\/shopchothue.com\/?post_type=product&#038;p=6640"},"modified":"2026-03-05T11:15:46","modified_gmt":"2026-03-05T11:15:46","slug":"tay-nguyen-nhung-do","status":"publish","type":"product","link":"https:\/\/shopchothue.com\/?product=tay-nguyen-nhung-do","title":{"rendered":"T\u00e2y Nguy\u00ean Nhung \u0110\u1ecf"},"content":{"rendered":"<p><img loading=\"lazy\" class=\"alignnone size-medium wp-image-6641\" src=\"http:\/\/shopchothue.com\/wp-content\/uploads\/2026\/03\/10-LON-SMLXXX-2-257x400.jpg\" alt=\"\" width=\"257\" height=\"400\" srcset=\"https:\/\/shopchothue.com\/wp-content\/uploads\/2026\/03\/10-LON-SMLXXX-2-257x400.jpg 257w, https:\/\/shopchothue.com\/wp-content\/uploads\/2026\/03\/10-LON-SMLXXX-2.jpg 439w\" sizes=\"(max-width: 257px) 100vw, 257px\" \/><\/p>\n","protected":false},"excerpt":{"rendered":"","protected":false},"featured_media":6641,"template":"","meta":[],"product_cat":[72],"product_tag":[],"_links":{"self":[{"href":"https:\/\/shopchothue.com\/index.php?rest_route=\/wp\/v2\/product\/6640"}],"collection":[{"href":"https:\/\/shopchothue.com\/index.php?rest_route=\/wp\/v2\/product"}],"about":[{"href":"https:\/\/shopchothue.com\/index.php?rest_route=\/wp\/v2\/types\/product"}],"wp:featuredmedia":[{"embeddable":true,"href":"https:\/\/shopchothue.com\/index.php?rest_route=\/wp\/v2\/media\/6641"}],"wp:attachment":[{"href":"https:\/\/shopchothue.com\/index.php?rest_route=%2Fwp%2Fv2%2Fmedia&parent=6640"}],"wp:term":[{"taxonomy":"product_cat","embeddable":true,"href":"https:\/\/shopchothue.com\/index.php?rest_route=%2Fwp%2Fv2%2Fproduct_cat&post=6640"},{"taxonomy":"product_tag","embeddable":true,"href":"https:\/\/shopchothue.com\/index.php?rest_route=%2Fwp%2Fv2%2Fproduct_tag&post=6640"}],"curies":[{"name":"wp","href":"https:\/\/api.w.org\/{rel}","templated":true}]}}