{"id":6731,"date":"2026-04-11T10:01:36","date_gmt":"2026-04-11T10:01:36","guid":{"rendered":"https:\/\/shopchothue.com\/?post_type=product&#038;p=6731"},"modified":"2026-04-11T10:01:36","modified_gmt":"2026-04-11T10:01:36","slug":"den-bao-khong-led","status":"publish","type":"product","link":"https:\/\/shopchothue.com\/?product=den-bao-khong-led","title":{"rendered":"\u0110\u00e8n B\u00e3o (kh\u00f4ng led)"},"content":{"rendered":"<p><img loading=\"lazy\" class=\"alignnone size-medium wp-image-6732\" src=\"http:\/\/shopchothue.com\/wp-content\/uploads\/2026\/04\/DEN-BAO-300x400.jpg\" alt=\"\" width=\"300\" height=\"400\" srcset=\"https:\/\/shopchothue.com\/wp-content\/uploads\/2026\/04\/DEN-BAO-300x400.jpg 300w, https:\/\/shopchothue.com\/wp-content\/uploads\/2026\/04\/DEN-BAO-600x800.jpg 600w, https:\/\/shopchothue.com\/wp-content\/uploads\/2026\/04\/DEN-BAO-768x1024.jpg 768w, https:\/\/shopchothue.com\/wp-content\/uploads\/2026\/04\/DEN-BAO-1152x1536.jpg 1152w, https:\/\/shopchothue.com\/wp-content\/uploads\/2026\/04\/DEN-BAO-1536x2048.jpg 1536w, https:\/\/shopchothue.com\/wp-content\/uploads\/2026\/04\/DEN-BAO-510x680.jpg 510w, https:\/\/shopchothue.com\/wp-content\/uploads\/2026\/04\/DEN-BAO.jpg 1920w\" sizes=\"(max-width: 300px) 100vw, 300px\" \/><\/p>\n","protected":false},"excerpt":{"rendered":"","protected":false},"featured_media":6732,"template":"","meta":[],"product_cat":[67],"product_tag":[],"_links":{"self":[{"href":"https:\/\/shopchothue.com\/index.php?rest_route=\/wp\/v2\/product\/6731"}],"collection":[{"href":"https:\/\/shopchothue.com\/index.php?rest_route=\/wp\/v2\/product"}],"about":[{"href":"https:\/\/shopchothue.com\/index.php?rest_route=\/wp\/v2\/types\/product"}],"wp:featuredmedia":[{"embeddable":true,"href":"https:\/\/shopchothue.com\/index.php?rest_route=\/wp\/v2\/media\/6732"}],"wp:attachment":[{"href":"https:\/\/shopchothue.com\/index.php?rest_route=%2Fwp%2Fv2%2Fmedia&parent=6731"}],"wp:term":[{"taxonomy":"product_cat","embeddable":true,"href":"https:\/\/shopchothue.com\/index.php?rest_route=%2Fwp%2Fv2%2Fproduct_cat&post=6731"},{"taxonomy":"product_tag","embeddable":true,"href":"https:\/\/shopchothue.com\/index.php?rest_route=%2Fwp%2Fv2%2Fproduct_tag&post=6731"}],"curies":[{"name":"wp","href":"https:\/\/api.w.org\/{rel}","templated":true}]}}