{"id":795,"date":"2022-03-24T07:36:59","date_gmt":"2022-03-24T07:36:59","guid":{"rendered":"https:\/\/shopchothue.com\/?post_type=product&#038;p=795"},"modified":"2024-06-27T06:41:48","modified_gmt":"2024-06-27T06:41:48","slug":"ao-dai-cach-tan-nu-09","status":"publish","type":"product","link":"https:\/\/shopchothue.com\/?product=ao-dai-cach-tan-nu-09","title":{"rendered":"\u00c1o D\u00e0i C\u00e1ch T\u00e2n N\u1eef 09"},"content":{"rendered":"<p><img loading=\"lazy\" class=\"alignnone size-medium wp-image-796\" src=\"http:\/\/shopchothue.com\/wp-content\/uploads\/2022\/03\/09-300x400.jpg\" alt=\"\" width=\"300\" height=\"400\" srcset=\"https:\/\/shopchothue.com\/wp-content\/uploads\/2022\/03\/09-300x400.jpg 300w, https:\/\/shopchothue.com\/wp-content\/uploads\/2022\/03\/09-600x800.jpg 600w, https:\/\/shopchothue.com\/wp-content\/uploads\/2022\/03\/09-768x1024.jpg 768w, https:\/\/shopchothue.com\/wp-content\/uploads\/2022\/03\/09-510x680.jpg 510w, https:\/\/shopchothue.com\/wp-content\/uploads\/2022\/03\/09.jpg 1080w\" sizes=\"(max-width: 300px) 100vw, 300px\" \/><\/p>\n","protected":false},"excerpt":{"rendered":"<p>\u00c1o D\u00e0i C\u00e1ch T\u00e2n N\u1eef 09<\/p>\n<p>Ch\u1ea5t v\u1ea3i:l\u1ee5a co gi\u00e3n<\/p>\n<p>gi\u00e1 thu\u00ea : 80k\/ \u00e1o<\/p>\n<p>gi\u00e1 thu\u00ea: 100k\/b\u1ed9. \u00e1o, v\u00e1y (ho\u1eb7c qu\u1ea7n)<\/p>\n","protected":false},"featured_media":796,"template":"","meta":[],"product_cat":[60,61],"product_tag":[],"_links":{"self":[{"href":"https:\/\/shopchothue.com\/index.php?rest_route=\/wp\/v2\/product\/795"}],"collection":[{"href":"https:\/\/shopchothue.com\/index.php?rest_route=\/wp\/v2\/product"}],"about":[{"href":"https:\/\/shopchothue.com\/index.php?rest_route=\/wp\/v2\/types\/product"}],"wp:featuredmedia":[{"embeddable":true,"href":"https:\/\/shopchothue.com\/index.php?rest_route=\/wp\/v2\/media\/796"}],"wp:attachment":[{"href":"https:\/\/shopchothue.com\/index.php?rest_route=%2Fwp%2Fv2%2Fmedia&parent=795"}],"wp:term":[{"taxonomy":"product_cat","embeddable":true,"href":"https:\/\/shopchothue.com\/index.php?rest_route=%2Fwp%2Fv2%2Fproduct_cat&post=795"},{"taxonomy":"product_tag","embeddable":true,"href":"https:\/\/shopchothue.com\/index.php?rest_route=%2Fwp%2Fv2%2Fproduct_tag&post=795"}],"curies":[{"name":"wp","href":"https:\/\/api.w.org\/{rel}","templated":true}]}}