{"id":800,"date":"2022-03-24T07:53:50","date_gmt":"2022-03-24T07:53:50","guid":{"rendered":"https:\/\/shopchothue.com\/?post_type=product&#038;p=800"},"modified":"2024-06-27T06:41:21","modified_gmt":"2024-06-27T06:41:21","slug":"ao-dai-cach-tan-nu-11","status":"publish","type":"product","link":"https:\/\/shopchothue.com\/?product=ao-dai-cach-tan-nu-11","title":{"rendered":"\u00c1o D\u00e0i C\u00e1ch T\u00e2n N\u1eef 11"},"content":{"rendered":"<p><img loading=\"lazy\" class=\"alignnone size-medium wp-image-801\" src=\"http:\/\/shopchothue.com\/wp-content\/uploads\/2022\/03\/11-256x400.jpg\" alt=\"\" width=\"256\" height=\"400\" srcset=\"https:\/\/shopchothue.com\/wp-content\/uploads\/2022\/03\/11-256x400.jpg 256w, https:\/\/shopchothue.com\/wp-content\/uploads\/2022\/03\/11-512x800.jpg 512w, https:\/\/shopchothue.com\/wp-content\/uploads\/2022\/03\/11-510x796.jpg 510w, https:\/\/shopchothue.com\/wp-content\/uploads\/2022\/03\/11.jpg 720w\" sizes=\"(max-width: 256px) 100vw, 256px\" \/><img loading=\"lazy\" class=\"alignnone size-medium wp-image-802\" src=\"http:\/\/shopchothue.com\/wp-content\/uploads\/2022\/03\/z2309205266787_89b2cdab17797a5267ea4e645633bcd4-534x400.jpg\" alt=\"\" width=\"534\" height=\"400\" srcset=\"https:\/\/shopchothue.com\/wp-content\/uploads\/2022\/03\/z2309205266787_89b2cdab17797a5267ea4e645633bcd4-534x400.jpg 534w, https:\/\/shopchothue.com\/wp-content\/uploads\/2022\/03\/z2309205266787_89b2cdab17797a5267ea4e645633bcd4-1068x800.jpg 1068w, https:\/\/shopchothue.com\/wp-content\/uploads\/2022\/03\/z2309205266787_89b2cdab17797a5267ea4e645633bcd4-768x575.jpg 768w, https:\/\/shopchothue.com\/wp-content\/uploads\/2022\/03\/z2309205266787_89b2cdab17797a5267ea4e645633bcd4-510x382.jpg 510w, https:\/\/shopchothue.com\/wp-content\/uploads\/2022\/03\/z2309205266787_89b2cdab17797a5267ea4e645633bcd4.jpg 1276w\" sizes=\"(max-width: 534px) 100vw, 534px\" \/><\/p>\n","protected":false},"excerpt":{"rendered":"<p>\u00c1o D\u00e0i C\u00e1ch T\u00e2n N\u1eef 11<\/p>\n<p>Ch\u1ea5t v\u1ea3i: g\u1ea5m thun co gi\u00e3n<\/p>\n<p>gi\u00e1 thu\u00ea : 80k\/ \u00e1o<\/p>\n<p>gi\u00e1 thu\u00ea: 100k\/b\u1ed9. \u00e1o, v\u00e1y (ho\u1eb7c qu\u1ea7n)<\/p>\n","protected":false},"featured_media":801,"template":"","meta":[],"product_cat":[60,61],"product_tag":[],"_links":{"self":[{"href":"https:\/\/shopchothue.com\/index.php?rest_route=\/wp\/v2\/product\/800"}],"collection":[{"href":"https:\/\/shopchothue.com\/index.php?rest_route=\/wp\/v2\/product"}],"about":[{"href":"https:\/\/shopchothue.com\/index.php?rest_route=\/wp\/v2\/types\/product"}],"wp:featuredmedia":[{"embeddable":true,"href":"https:\/\/shopchothue.com\/index.php?rest_route=\/wp\/v2\/media\/801"}],"wp:attachment":[{"href":"https:\/\/shopchothue.com\/index.php?rest_route=%2Fwp%2Fv2%2Fmedia&parent=800"}],"wp:term":[{"taxonomy":"product_cat","embeddable":true,"href":"https:\/\/shopchothue.com\/index.php?rest_route=%2Fwp%2Fv2%2Fproduct_cat&post=800"},{"taxonomy":"product_tag","embeddable":true,"href":"https:\/\/shopchothue.com\/index.php?rest_route=%2Fwp%2Fv2%2Fproduct_tag&post=800"}],"curies":[{"name":"wp","href":"https:\/\/api.w.org\/{rel}","templated":true}]}}