{"id":806,"date":"2022-03-24T07:57:33","date_gmt":"2022-03-24T07:57:33","guid":{"rendered":"https:\/\/shopchothue.com\/?post_type=product&#038;p=806"},"modified":"2022-03-24T07:57:33","modified_gmt":"2022-03-24T07:57:33","slug":"ao-dai-cach-tan-nu-13","status":"publish","type":"product","link":"https:\/\/shopchothue.com\/?product=ao-dai-cach-tan-nu-13","title":{"rendered":"\u00c1o D\u00e0i C\u00e1ch T\u00e2n N\u1eef 13"},"content":{"rendered":"<p><img loading=\"lazy\" class=\"alignnone size-medium wp-image-807\" src=\"http:\/\/shopchothue.com\/wp-content\/uploads\/2022\/03\/13-300x400.jpg\" alt=\"\" width=\"300\" height=\"400\" srcset=\"https:\/\/shopchothue.com\/wp-content\/uploads\/2022\/03\/13-300x400.jpg 300w, https:\/\/shopchothue.com\/wp-content\/uploads\/2022\/03\/13-599x800.jpg 599w, https:\/\/shopchothue.com\/wp-content\/uploads\/2022\/03\/13-768x1025.jpg 768w, https:\/\/shopchothue.com\/wp-content\/uploads\/2022\/03\/13-510x681.jpg 510w, https:\/\/shopchothue.com\/wp-content\/uploads\/2022\/03\/13.jpg 956w\" sizes=\"(max-width: 300px) 100vw, 300px\" \/><img loading=\"lazy\" class=\"alignnone size-medium wp-image-808\" src=\"http:\/\/shopchothue.com\/wp-content\/uploads\/2022\/03\/z2290730674417_ecf7a01339d98032dee15d0dc12aad47-400x400.jpg\" alt=\"\" width=\"400\" height=\"400\" srcset=\"https:\/\/shopchothue.com\/wp-content\/uploads\/2022\/03\/z2290730674417_ecf7a01339d98032dee15d0dc12aad47-400x400.jpg 400w, https:\/\/shopchothue.com\/wp-content\/uploads\/2022\/03\/z2290730674417_ecf7a01339d98032dee15d0dc12aad47-800x800.jpg 800w, https:\/\/shopchothue.com\/wp-content\/uploads\/2022\/03\/z2290730674417_ecf7a01339d98032dee15d0dc12aad47-280x280.jpg 280w, https:\/\/shopchothue.com\/wp-content\/uploads\/2022\/03\/z2290730674417_ecf7a01339d98032dee15d0dc12aad47-768x768.jpg 768w, https:\/\/shopchothue.com\/wp-content\/uploads\/2022\/03\/z2290730674417_ecf7a01339d98032dee15d0dc12aad47-510x510.jpg 510w, https:\/\/shopchothue.com\/wp-content\/uploads\/2022\/03\/z2290730674417_ecf7a01339d98032dee15d0dc12aad47-100x100.jpg 100w, https:\/\/shopchothue.com\/wp-content\/uploads\/2022\/03\/z2290730674417_ecf7a01339d98032dee15d0dc12aad47.jpg 1280w\" sizes=\"(max-width: 400px) 100vw, 400px\" \/><\/p>\n","protected":false},"excerpt":{"rendered":"<p>gi\u00e1 thu\u00ea 80k\/ b\u1ed9<\/p>\n","protected":false},"featured_media":808,"template":"","meta":[],"product_cat":[60,61],"product_tag":[],"_links":{"self":[{"href":"https:\/\/shopchothue.com\/index.php?rest_route=\/wp\/v2\/product\/806"}],"collection":[{"href":"https:\/\/shopchothue.com\/index.php?rest_route=\/wp\/v2\/product"}],"about":[{"href":"https:\/\/shopchothue.com\/index.php?rest_route=\/wp\/v2\/types\/product"}],"wp:featuredmedia":[{"embeddable":true,"href":"https:\/\/shopchothue.com\/index.php?rest_route=\/wp\/v2\/media\/808"}],"wp:attachment":[{"href":"https:\/\/shopchothue.com\/index.php?rest_route=%2Fwp%2Fv2%2Fmedia&parent=806"}],"wp:term":[{"taxonomy":"product_cat","embeddable":true,"href":"https:\/\/shopchothue.com\/index.php?rest_route=%2Fwp%2Fv2%2Fproduct_cat&post=806"},{"taxonomy":"product_tag","embeddable":true,"href":"https:\/\/shopchothue.com\/index.php?rest_route=%2Fwp%2Fv2%2Fproduct_tag&post=806"}],"curies":[{"name":"wp","href":"https:\/\/api.w.org\/{rel}","templated":true}]}}