{"id":809,"date":"2022-03-24T08:06:21","date_gmt":"2022-03-24T08:06:21","guid":{"rendered":"https:\/\/shopchothue.com\/?post_type=product&#038;p=809"},"modified":"2022-03-24T08:06:21","modified_gmt":"2022-03-24T08:06:21","slug":"ao-dai-cach-tan-nu-14","status":"publish","type":"product","link":"https:\/\/shopchothue.com\/?product=ao-dai-cach-tan-nu-14","title":{"rendered":"\u00c1o D\u00e0i C\u00e1ch T\u00e2n N\u1eef 14"},"content":{"rendered":"<p><img loading=\"lazy\" class=\"alignnone size-full wp-image-811\" src=\"http:\/\/shopchothue.com\/wp-content\/uploads\/2022\/03\/141364747_3658398740896311_4621275394041494449_n.jpg\" alt=\"\" width=\"206\" height=\"206\" srcset=\"https:\/\/shopchothue.com\/wp-content\/uploads\/2022\/03\/141364747_3658398740896311_4621275394041494449_n.jpg 206w, https:\/\/shopchothue.com\/wp-content\/uploads\/2022\/03\/141364747_3658398740896311_4621275394041494449_n-100x100.jpg 100w\" sizes=\"(max-width: 206px) 100vw, 206px\" \/><img loading=\"lazy\" class=\"alignnone size-medium wp-image-810\" src=\"http:\/\/shopchothue.com\/wp-content\/uploads\/2022\/03\/14-225x400.jpg\" alt=\"\" width=\"225\" height=\"400\" srcset=\"https:\/\/shopchothue.com\/wp-content\/uploads\/2022\/03\/14-225x400.jpg 225w, https:\/\/shopchothue.com\/wp-content\/uploads\/2022\/03\/14-450x800.jpg 450w, https:\/\/shopchothue.com\/wp-content\/uploads\/2022\/03\/14-510x907.jpg 510w, https:\/\/shopchothue.com\/wp-content\/uploads\/2022\/03\/14.jpg 540w\" sizes=\"(max-width: 225px) 100vw, 225px\" \/><\/p>\n","protected":false},"excerpt":{"rendered":"<p>\u00c1o D\u00e0i C\u00e1ch T\u00e2n N\u1eef 14<\/p>\n<p>Ch\u1ea5t v\u1ea3i: \u0111\u0169i thun co gi\u00e3n<\/p>\n<p>gi\u00e1 thu\u00ea :120k\/ b\u1ed9 \u00e1o, qu\u1ea7n, v\u1ea5n<\/p>\n","protected":false},"featured_media":811,"template":"","meta":[],"product_cat":[60,61],"product_tag":[],"_links":{"self":[{"href":"https:\/\/shopchothue.com\/index.php?rest_route=\/wp\/v2\/product\/809"}],"collection":[{"href":"https:\/\/shopchothue.com\/index.php?rest_route=\/wp\/v2\/product"}],"about":[{"href":"https:\/\/shopchothue.com\/index.php?rest_route=\/wp\/v2\/types\/product"}],"wp:featuredmedia":[{"embeddable":true,"href":"https:\/\/shopchothue.com\/index.php?rest_route=\/wp\/v2\/media\/811"}],"wp:attachment":[{"href":"https:\/\/shopchothue.com\/index.php?rest_route=%2Fwp%2Fv2%2Fmedia&parent=809"}],"wp:term":[{"taxonomy":"product_cat","embeddable":true,"href":"https:\/\/shopchothue.com\/index.php?rest_route=%2Fwp%2Fv2%2Fproduct_cat&post=809"},{"taxonomy":"product_tag","embeddable":true,"href":"https:\/\/shopchothue.com\/index.php?rest_route=%2Fwp%2Fv2%2Fproduct_tag&post=809"}],"curies":[{"name":"wp","href":"https:\/\/api.w.org\/{rel}","templated":true}]}}