{"id":834,"date":"2022-03-24T08:49:12","date_gmt":"2022-03-24T08:49:12","guid":{"rendered":"https:\/\/shopchothue.com\/?post_type=product&#038;p=834"},"modified":"2022-03-24T08:49:12","modified_gmt":"2022-03-24T08:49:12","slug":"ao-dai-cach-tan-nu-25","status":"publish","type":"product","link":"https:\/\/shopchothue.com\/?product=ao-dai-cach-tan-nu-25","title":{"rendered":"\u00c1o D\u00e0i C\u00e1ch T\u00e2n N\u1eef 25"},"content":{"rendered":"<p><img loading=\"lazy\" class=\"alignnone size-medium wp-image-835\" src=\"http:\/\/shopchothue.com\/wp-content\/uploads\/2022\/03\/25-267x400.jpg\" alt=\"\" width=\"267\" height=\"400\" srcset=\"https:\/\/shopchothue.com\/wp-content\/uploads\/2022\/03\/25-267x400.jpg 267w, https:\/\/shopchothue.com\/wp-content\/uploads\/2022\/03\/25-533x800.jpg 533w, https:\/\/shopchothue.com\/wp-content\/uploads\/2022\/03\/25-510x765.jpg 510w, https:\/\/shopchothue.com\/wp-content\/uploads\/2022\/03\/25.jpg 640w\" sizes=\"(max-width: 267px) 100vw, 267px\" \/><img loading=\"lazy\" class=\"alignnone size-medium wp-image-836\" src=\"http:\/\/shopchothue.com\/wp-content\/uploads\/2022\/03\/9382d7d661b3acedf5a2-267x400.jpg\" alt=\"\" width=\"267\" height=\"400\" srcset=\"https:\/\/shopchothue.com\/wp-content\/uploads\/2022\/03\/9382d7d661b3acedf5a2-267x400.jpg 267w, https:\/\/shopchothue.com\/wp-content\/uploads\/2022\/03\/9382d7d661b3acedf5a2-533x800.jpg 533w, https:\/\/shopchothue.com\/wp-content\/uploads\/2022\/03\/9382d7d661b3acedf5a2-768x1152.jpg 768w, https:\/\/shopchothue.com\/wp-content\/uploads\/2022\/03\/9382d7d661b3acedf5a2-1024x1536.jpg 1024w, https:\/\/shopchothue.com\/wp-content\/uploads\/2022\/03\/9382d7d661b3acedf5a2-510x765.jpg 510w, https:\/\/shopchothue.com\/wp-content\/uploads\/2022\/03\/9382d7d661b3acedf5a2.jpg 1280w\" sizes=\"(max-width: 267px) 100vw, 267px\" \/><\/p>\n","protected":false},"excerpt":{"rendered":"<p>\u00c1o D\u00e0i C\u00e1ch T\u00e2n N\u1eef 25<\/p>\n<p>Ch\u1ea5t v\u1ea3i:l\u1ee5a<\/p>\n<p>gi\u00e1 thu\u00ea :120k\/ b\u1ed9<\/p>\n","protected":false},"featured_media":835,"template":"","meta":[],"product_cat":[60,61],"product_tag":[],"_links":{"self":[{"href":"https:\/\/shopchothue.com\/index.php?rest_route=\/wp\/v2\/product\/834"}],"collection":[{"href":"https:\/\/shopchothue.com\/index.php?rest_route=\/wp\/v2\/product"}],"about":[{"href":"https:\/\/shopchothue.com\/index.php?rest_route=\/wp\/v2\/types\/product"}],"wp:featuredmedia":[{"embeddable":true,"href":"https:\/\/shopchothue.com\/index.php?rest_route=\/wp\/v2\/media\/835"}],"wp:attachment":[{"href":"https:\/\/shopchothue.com\/index.php?rest_route=%2Fwp%2Fv2%2Fmedia&parent=834"}],"wp:term":[{"taxonomy":"product_cat","embeddable":true,"href":"https:\/\/shopchothue.com\/index.php?rest_route=%2Fwp%2Fv2%2Fproduct_cat&post=834"},{"taxonomy":"product_tag","embeddable":true,"href":"https:\/\/shopchothue.com\/index.php?rest_route=%2Fwp%2Fv2%2Fproduct_tag&post=834"}],"curies":[{"name":"wp","href":"https:\/\/api.w.org\/{rel}","templated":true}]}}