{"id":856,"date":"2022-03-24T09:21:08","date_gmt":"2022-03-24T09:21:08","guid":{"rendered":"https:\/\/shopchothue.com\/?post_type=product&#038;p=856"},"modified":"2022-03-24T09:21:08","modified_gmt":"2022-03-24T09:21:08","slug":"ao-dai-cach-tan-nu-35","status":"publish","type":"product","link":"https:\/\/shopchothue.com\/?product=ao-dai-cach-tan-nu-35","title":{"rendered":"\u00c1o D\u00e0i C\u00e1ch T\u00e2n N\u1eef 35"},"content":{"rendered":"<p><img loading=\"lazy\" class=\"alignnone size-medium wp-image-857\" src=\"http:\/\/shopchothue.com\/wp-content\/uploads\/2022\/03\/35-300x400.jpg\" alt=\"\" width=\"300\" height=\"400\" srcset=\"https:\/\/shopchothue.com\/wp-content\/uploads\/2022\/03\/35-300x400.jpg 300w, https:\/\/shopchothue.com\/wp-content\/uploads\/2022\/03\/35-600x800.jpg 600w, https:\/\/shopchothue.com\/wp-content\/uploads\/2022\/03\/35-768x1024.jpg 768w, https:\/\/shopchothue.com\/wp-content\/uploads\/2022\/03\/35-510x680.jpg 510w, https:\/\/shopchothue.com\/wp-content\/uploads\/2022\/03\/35.jpg 960w\" sizes=\"(max-width: 300px) 100vw, 300px\" \/><\/p>\n","protected":false},"excerpt":{"rendered":"<p>\u00c1o D\u00e0i C\u00e1ch T\u00e2n N\u1eef 28<\/p>\n<p>gi\u00e1 thu\u00ea :150k\/ b\u1ed9<\/p>\n","protected":false},"featured_media":857,"template":"","meta":[],"product_cat":[60,61],"product_tag":[],"_links":{"self":[{"href":"https:\/\/shopchothue.com\/index.php?rest_route=\/wp\/v2\/product\/856"}],"collection":[{"href":"https:\/\/shopchothue.com\/index.php?rest_route=\/wp\/v2\/product"}],"about":[{"href":"https:\/\/shopchothue.com\/index.php?rest_route=\/wp\/v2\/types\/product"}],"wp:featuredmedia":[{"embeddable":true,"href":"https:\/\/shopchothue.com\/index.php?rest_route=\/wp\/v2\/media\/857"}],"wp:attachment":[{"href":"https:\/\/shopchothue.com\/index.php?rest_route=%2Fwp%2Fv2%2Fmedia&parent=856"}],"wp:term":[{"taxonomy":"product_cat","embeddable":true,"href":"https:\/\/shopchothue.com\/index.php?rest_route=%2Fwp%2Fv2%2Fproduct_cat&post=856"},{"taxonomy":"product_tag","embeddable":true,"href":"https:\/\/shopchothue.com\/index.php?rest_route=%2Fwp%2Fv2%2Fproduct_tag&post=856"}],"curies":[{"name":"wp","href":"https:\/\/api.w.org\/{rel}","templated":true}]}}