{"id":913,"date":"2022-03-24T11:19:13","date_gmt":"2022-03-24T11:19:13","guid":{"rendered":"https:\/\/shopchothue.com\/?post_type=product&#038;p=913"},"modified":"2022-03-24T11:19:13","modified_gmt":"2022-03-24T11:19:13","slug":"au-lac-nu-1","status":"publish","type":"product","link":"https:\/\/shopchothue.com\/?product=au-lac-nu-1","title":{"rendered":"\u00c2u L\u1ea1c N\u1eef 1"},"content":{"rendered":"<p><img loading=\"lazy\" class=\"alignnone size-medium wp-image-915\" src=\"http:\/\/shopchothue.com\/wp-content\/uploads\/2022\/03\/9c6015bcda64283a7175-300x400.jpg\" alt=\"\" width=\"300\" height=\"400\" srcset=\"https:\/\/shopchothue.com\/wp-content\/uploads\/2022\/03\/9c6015bcda64283a7175-300x400.jpg 300w, https:\/\/shopchothue.com\/wp-content\/uploads\/2022\/03\/9c6015bcda64283a7175-600x800.jpg 600w, https:\/\/shopchothue.com\/wp-content\/uploads\/2022\/03\/9c6015bcda64283a7175-768x1024.jpg 768w, https:\/\/shopchothue.com\/wp-content\/uploads\/2022\/03\/9c6015bcda64283a7175-510x680.jpg 510w, https:\/\/shopchothue.com\/wp-content\/uploads\/2022\/03\/9c6015bcda64283a7175.jpg 960w\" sizes=\"(max-width: 300px) 100vw, 300px\" \/><\/p>\n","protected":false},"excerpt":{"rendered":"<p>\u00c2u L\u1ea1c N\u1eef 1<\/p>\n<p>B\u1ed9: v\u00e1y, \u00e1o, \u0111ai, m\u00e3o<\/p>\n","protected":false},"featured_media":915,"template":"","meta":[],"product_cat":[65],"product_tag":[],"_links":{"self":[{"href":"https:\/\/shopchothue.com\/index.php?rest_route=\/wp\/v2\/product\/913"}],"collection":[{"href":"https:\/\/shopchothue.com\/index.php?rest_route=\/wp\/v2\/product"}],"about":[{"href":"https:\/\/shopchothue.com\/index.php?rest_route=\/wp\/v2\/types\/product"}],"wp:featuredmedia":[{"embeddable":true,"href":"https:\/\/shopchothue.com\/index.php?rest_route=\/wp\/v2\/media\/915"}],"wp:attachment":[{"href":"https:\/\/shopchothue.com\/index.php?rest_route=%2Fwp%2Fv2%2Fmedia&parent=913"}],"wp:term":[{"taxonomy":"product_cat","embeddable":true,"href":"https:\/\/shopchothue.com\/index.php?rest_route=%2Fwp%2Fv2%2Fproduct_cat&post=913"},{"taxonomy":"product_tag","embeddable":true,"href":"https:\/\/shopchothue.com\/index.php?rest_route=%2Fwp%2Fv2%2Fproduct_tag&post=913"}],"curies":[{"name":"wp","href":"https:\/\/api.w.org\/{rel}","templated":true}]}}